{"id":2,"date":"2016-11-18T14:06:15","date_gmt":"2016-11-18T16:06:15","guid":{"rendered":"http:\/\/www.gsigma.ufsc.br\/?page_id=2"},"modified":"2018-05-09T12:04:30","modified_gmt":"2018-05-09T15:04:30","slug":"pagina-exemplo","status":"publish","type":"page","link":"https:\/\/www.gsigma.ufsc.br\/","title":{"rendered":"Sobre"},"content":{"rendered":"<p>O GSIGMA (Grupo de Sistemas Inteligentes de Manufatura) foi criado em 1996 e est\u00e1 vinculado ao <a href=\"http:\/\/das.ufsc.br\/\">Departamento de Automa\u00e7\u00e3o e Sistemas<\/a> da <a href=\"http:\/\/www.ufsc.br\">Universidade Federal de Santa Catarina<\/a>.<\/p>\n<p><strong>Objetivos<\/strong><\/p>\n<p>Um dos objetivos centrais do GSIGMA \u00e9 atuar na pesquisa de temas relevantes \u00e0 \u00e1rea industrial, com foco nos problemas associados ao paradigma de Organiza\u00e7\u00f5es em Redes Colaborativas (<em>Collaborative Networked Organizations<\/em>). Este tipo de rede prev\u00ea e incentiva o estabelecimento din\u00e2mico e tempor\u00e1rio de alian\u00e7as globais entre organiza\u00e7\u00f5es de diversos tipos e origens sendo elas empresas, profissionais liberais, ONGs, \u00f3rg\u00e3os governamentais, ou outras, como estrat\u00e9gia para atender a uma necessidade ou a uma oportunidade de neg\u00f3cios, sendo que todas as transa\u00e7\u00f5es realizadas entre elas s\u00e3o suportadas por rede de computadores, com plataformas e aplica\u00e7\u00f5es avan\u00e7adas. Quando um grupo espec\u00edfico de organiza\u00e7\u00f5es \u00e9 temporariamente criado para um dado neg\u00f3cio, ele passa a ser visto como uma Organiza\u00e7\u00e3o Virtual (OV), que se dissolve assim que o neg\u00f3cio termina.<\/p>\n<p><strong>Principais Linhas de Pesquisa<\/strong><\/p>\n<ul>\n<li>Gest\u00e3o de OVs;<\/li>\n<li>Modelagem de empresas e processos;<\/li>\n<li>Ontologias para OVs;<\/li>\n<li>Ensino &amp; Treinamento em OVs;<\/li>\n<li>Desenvolvimento de sistemas computacionais (desktop e web-based) para todas as fases do ciclo de vida de OVs (gest\u00e3o de parcerias, cria\u00e7\u00e3o &amp; configura\u00e7\u00e3o, opera\u00e7\u00e3o &amp; evolu\u00e7\u00e3o, e dissolu\u00e7\u00e3o), com forte \u00eanfase na tecnologia de sistemas multiagente;<\/li>\n<li>Plataformas de suporte \u00e0s OVs;<\/li>\n<li>Integra\u00e7\u00e3o \/ interopera\u00e7\u00e3o de sistemas.<\/li>\n<\/ul>\n<p><strong>O Laborat\u00f3rio<\/strong><\/p>\n<p>O GSIGMA encontra-se fisicamente localizado no pr\u00e9dio da Engenharia de Automa\u00e7\u00e3o e Sistemas (CTC\/1o piso), no LTIC. O Laborat\u00f3rio \u00e9 equipado com computadores tipo PC, al\u00e9m de impressoras, scanners e outros tipos de perif\u00e9ricos, assim como um acervo de cerca de 90 livros nas \u00e1reas que atua.<\/p>\n","protected":false},"excerpt":{"rendered":"<p>O GSIGMA (Grupo de Sistemas Inteligentes de Manufatura) foi criado em 1996 e est\u00e1 vinculado ao Departamento de Automa\u00e7\u00e3o e Sistemas da Universidade Federal de Santa Catarina. Objetivos Um dos objetivos centrais do GSIGMA \u00e9 atuar na pesquisa de temas relevantes \u00e0 \u00e1rea industrial, com foco nos problemas associados ao paradigma de Organiza\u00e7\u00f5es em Redes<\/p><\/div>\n<div class=\"blog-btn\"><a href=\"https:\/\/www.gsigma.ufsc.br\/\" class=\"home-blog-btn\">Ler mais<\/a><\/p>\n","protected":false},"author":1,"featured_media":0,"parent":0,"menu_order":0,"comment_status":"closed","ping_status":"open","template":"","meta":[],"_links":{"self":[{"href":"https:\/\/www.gsigma.ufsc.br\/index.php?rest_route=\/wp\/v2\/pages\/2"}],"collection":[{"href":"https:\/\/www.gsigma.ufsc.br\/index.php?rest_route=\/wp\/v2\/pages"}],"about":[{"href":"https:\/\/www.gsigma.ufsc.br\/index.php?rest_route=\/wp\/v2\/types\/page"}],"author":[{"embeddable":true,"href":"https:\/\/www.gsigma.ufsc.br\/index.php?rest_route=\/wp\/v2\/users\/1"}],"replies":[{"embeddable":true,"href":"https:\/\/www.gsigma.ufsc.br\/index.php?rest_route=%2Fwp%2Fv2%2Fcomments&post=2"}],"version-history":[{"count":13,"href":"https:\/\/www.gsigma.ufsc.br\/index.php?rest_route=\/wp\/v2\/pages\/2\/revisions"}],"predecessor-version":[{"id":60,"href":"https:\/\/www.gsigma.ufsc.br\/index.php?rest_route=\/wp\/v2\/pages\/2\/revisions\/60"}],"wp:attachment":[{"href":"https:\/\/www.gsigma.ufsc.br\/index.php?rest_route=%2Fwp%2Fv2%2Fmedia&parent=2"}],"curies":[{"name":"wp","href":"https:\/\/api.w.org\/{rel}","templated":true}]}}